{"id":124,"date":"2012-07-27T14:13:22","date_gmt":"2012-07-27T12:13:22","guid":{"rendered":"http:\/\/aquasub78.fr\/WordPress3\/?page_id=124"},"modified":"2023-07-16T21:53:38","modified_gmt":"2023-07-16T19:53:38","slug":"espace-membres","status":"publish","type":"page","link":"http:\/\/aquasub78.fr\/WordPress3\/?page_id=124","title":{"rendered":"1-La vie du club"},"content":{"rendered":"<p><a href=\"http:\/\/aquasub78.fr\/WordPress3\/wp-content\/uploads\/2012\/01\/LogoAquasub78v23.jpg\"><img loading=\"lazy\" decoding=\"async\" title=\"LogoAquasub78v2\" src=\"http:\/\/aquasub78.fr\/WordPress3\/wp-content\/uploads\/2012\/01\/LogoAquasub78v23.jpg\" alt=\"\" width=\"100\" height=\"57\" \/><\/a> Cette espace est d\u00e9di\u00e9 aux membres de l&rsquo;association.<\/p>\n<p>Vous y trouverez les documents et informations li\u00e9s \u00e0 la vie du club.<\/p>\n<p>\u00a0<\/p>\n\n\n<div data-wp-interactive=\"core\/file\" class=\"wp-block-file\"><object data-wp-bind--hidden=\"!state.hasPdfPreview\"  class=\"wp-block-file__embed\" data=\"http:\/\/aquasub78.fr\/WordPress3\/wp-content\/uploads\/2022\/06\/RIB-AQUASUB78.pdf\" type=\"application\/pdf\" style=\"width:100%;height:600px\" aria-label=\"Contenu embarqu\u00e9 RIB AQUASUB78.\"><\/object><a id=\"wp-block-file--media-f07486ec-b554-48bf-bc1b-e15c20ec1e8f\" href=\"http:\/\/aquasub78.fr\/WordPress3\/wp-content\/uploads\/2022\/06\/RIB-AQUASUB78.pdf\">RIB AQUASUB78<\/a><a href=\"http:\/\/aquasub78.fr\/WordPress3\/wp-content\/uploads\/2022\/06\/RIB-AQUASUB78.pdf\" class=\"wp-block-file__button wp-element-button\" download aria-describedby=\"wp-block-file--media-f07486ec-b554-48bf-bc1b-e15c20ec1e8f\">T\u00e9l\u00e9charger<\/a><\/div>\n\n\n\n<div data-wp-interactive=\"core\/file\" class=\"wp-block-file\"><object data-wp-bind--hidden=\"!state.hasPdfPreview\"  class=\"wp-block-file__embed\" data=\"http:\/\/aquasub78.fr\/WordPress3\/wp-content\/uploads\/2022\/06\/Certificat_medical_FFESSM.pdf\" type=\"application\/pdf\" style=\"width:100%;height:600px\" aria-label=\"Contenu embarqu\u00e9 Certificat_m\u00e9dical_FFESSM.\"><\/object><a id=\"wp-block-file--media-cf9b121c-3737-4bd0-a745-072de2070621\" href=\"http:\/\/aquasub78.fr\/WordPress3\/wp-content\/uploads\/2022\/06\/Certificat_medical_FFESSM.pdf\">Certificat_m\u00e9dical_FFESSM<\/a><a href=\"http:\/\/aquasub78.fr\/WordPress3\/wp-content\/uploads\/2022\/06\/Certificat_medical_FFESSM.pdf\" class=\"wp-block-file__button wp-element-button\" download aria-describedby=\"wp-block-file--media-cf9b121c-3737-4bd0-a745-072de2070621\">T\u00e9l\u00e9charger<\/a><\/div>\n\n\n\n<div data-wp-interactive=\"core\/file\" class=\"wp-block-file\"><object data-wp-bind--hidden=\"!state.hasPdfPreview\"  class=\"wp-block-file__embed\" data=\"http:\/\/aquasub78.fr\/WordPress3\/wp-content\/uploads\/2022\/06\/Assurance_FFESSM.pdf\" type=\"application\/pdf\" style=\"width:100%;height:600px\" aria-label=\"Contenu embarqu\u00e9 Assurance_FFESSM.\"><\/object><a id=\"wp-block-file--media-1198b5f7-403e-47c5-bf28-e7061a3470af\" href=\"http:\/\/aquasub78.fr\/WordPress3\/wp-content\/uploads\/2022\/06\/Assurance_FFESSM.pdf\">Assurance_FFESSM<\/a><a href=\"http:\/\/aquasub78.fr\/WordPress3\/wp-content\/uploads\/2022\/06\/Assurance_FFESSM.pdf\" class=\"wp-block-file__button wp-element-button\" download aria-describedby=\"wp-block-file--media-1198b5f7-403e-47c5-bf28-e7061a3470af\">T\u00e9l\u00e9charger<\/a><\/div>\n<div class='shareinpost'><ul class=\"socialwrap row\"><li class=\"iconOnly\"><a  rel='nofollow'  target='_blank'  title='Bookmark this post : 1-La vie du club on Delicious'  href='http:\/\/delicious.com\/post?url=http%3A%2F%2Faquasub78.fr%2FWordPress3%2F%3Fpage_id%3D124&amp;title=1-La+vie+du+club'  ><img  src='http:\/\/aquasub78.fr\/WordPress3\/wp-content\/plugins\/share-and-follow\/images\/blank.gif'  height='32' width='32'  class='image-32' alt='delicious'  style='background: transparent url(http:\/\/aquasub78.fr\/WordPress3\/wp-content\/plugins\/share-and-follow\/default\/32\/sprite-feb-32.png) no-repeat;padding:0;margin:0;height:32px;width:32px;background-position:-231px 0px'   \/> <span class=\"head\">Bookmark on Delicious<\/span><\/a><\/li><li class=\"iconOnly\"><a  rel='nofollow'  target='_blank'  title='Digg this post : 1-La vie du club'  href='http:\/\/digg.com\/submit?url=http%3A%2F%2Faquasub78.fr%2FWordPress3%2F%3Fpage_id%3D124&amp;title=1-La+vie+du+club&amp;bodytext=+Cette+espace+est+d%C3%A9di%C3%A9+aux+membres+de+l%27association.%0AVous+y+trouverez+les+documents+et+informations+li%C3%A9s+%C3%A0+la+vie+du+club.%0A%C2%A0%0A%0A%0ARIB+AQUASUB78T%C3%A9l%C3%A9charger%0A%0A%0A%0ACertificat_m%C3%A9dical_FFESSMT%C3%A9l%C3%A9charger%0A%0A%0A%0AAssurance_FFESSMT%C3%A9l%C3%A9charger%0A'  ><img  src='http:\/\/aquasub78.fr\/WordPress3\/wp-content\/plugins\/share-and-follow\/images\/blank.gif'  height='32' width='32'  class='image-32' alt='digg'  style='background: transparent url(http:\/\/aquasub78.fr\/WordPress3\/wp-content\/plugins\/share-and-follow\/default\/32\/sprite-feb-32.png) no-repeat;padding:0;margin:0;height:32px;width:32px;background-position:-297px 0px'   \/> <span class=\"head\">Digg this post<\/span><\/a><\/li><li class=\"iconOnly\"><a  rel='nofollow'  target='_blank'  title='Recommend this post : 1-La vie du club on Facebook'  href='http:\/\/www.facebook.com\/sharer.php?u=http%3A%2F%2Faquasub78.fr%2FWordPress3%2F%3Fpage_id%3D124&amp;t=1-La+vie+du+club'  ><img  src='http:\/\/aquasub78.fr\/WordPress3\/wp-content\/plugins\/share-and-follow\/images\/blank.gif'  height='32' width='32'  class='image-32' alt='facebook'  style='background: transparent url(http:\/\/aquasub78.fr\/WordPress3\/wp-content\/plugins\/share-and-follow\/default\/32\/sprite-feb-32.png) no-repeat;padding:0;margin:0;height:32px;width:32px;background-position:-396px 0px'   \/> <span class=\"head\">Recommend on Facebook<\/span><\/a><\/li><li class=\"iconOnly\"><a  rel='nofollow'  target='_blank'  title='Share this post : 1-La vie du club on Reddit'  href='http:\/\/www.reddit.com\/submit?url=http%3A%2F%2Faquasub78.fr%2FWordPress3%2F%3Fpage_id%3D124&amp;title=1-La+vie+du+club'  ><img  src='http:\/\/aquasub78.fr\/WordPress3\/wp-content\/plugins\/share-and-follow\/images\/blank.gif'  height='32' width='32'  class='image-32' alt='reddit'  style='background: transparent url(http:\/\/aquasub78.fr\/WordPress3\/wp-content\/plugins\/share-and-follow\/default\/32\/sprite-feb-32.png) no-repeat;padding:0;margin:0;height:32px;width:32px;background-position:-1749px 0px'   \/> <span class=\"head\">share via Reddit<\/span><\/a><\/li><li class=\"iconOnly\"><a  rel='nofollow'  target='_blank'  title='Share this post : 1-La vie du club with Stumblers'  href='http:\/\/www.stumbleupon.com\/submit?url=http%3A%2F%2Faquasub78.fr%2FWordPress3%2F%3Fpage_id%3D124&amp;title=1-La+vie+du+club'  ><img  src='http:\/\/aquasub78.fr\/WordPress3\/wp-content\/plugins\/share-and-follow\/images\/blank.gif'  height='32' width='32'  class='image-32' alt='stumble'  style='background: transparent url(http:\/\/aquasub78.fr\/WordPress3\/wp-content\/plugins\/share-and-follow\/default\/32\/sprite-feb-32.png) no-repeat;padding:0;margin:0;height:32px;width:32px;background-position:-1980px 0px'   \/> <span class=\"head\">Share with Stumblers<\/span><\/a><\/li><li class=\"iconOnly\"><a  rel='nofollow'  target='_blank'  title='Tweet this post : 1-La vie du club on Twitter'  href=\"http:\/\/twitter.com\/share?url=http%3A%2F%2Faquasub78.fr%2FWordPress3%2F%3Fpage_id%3D124&amp;text=\"  ><img  src='http:\/\/aquasub78.fr\/WordPress3\/wp-content\/plugins\/share-and-follow\/images\/blank.gif'  height='32' width='32'  class='image-32' alt='twitter'  style='background: transparent url(http:\/\/aquasub78.fr\/WordPress3\/wp-content\/plugins\/share-and-follow\/default\/32\/sprite-feb-32.png) no-repeat;padding:0;margin:0;height:32px;width:32px;background-position:-132px -33px'   \/> <span class=\"head\">Tweet about it<\/span><\/a><\/li><li class=\"iconOnly\"><a rel=\"_self\" href=\"http:\/\/aquasub78.fr\/WordPress3\/?page_id=124&feed=rss2\" title=\"Follow this post : 1-La vie du club comments\"><img loading=\"lazy\" decoding=\"async\" src=\"http:\/\/aquasub78.fr\/WordPress3\/wp-content\/plugins\/share-and-follow\/images\/blank.gif\" height=\"32\"  width=\"32\" style=\"background: transparent url(http:\/\/aquasub78.fr\/WordPress3\/wp-content\/plugins\/share-and-follow\/default\/32\/sprite-feb-32.png) no-repeat;padding:0;margin:0;height:32px;width:32px;background-position:-1782px 0px\" class=\"image-32\"  alt=\"rss\" \/> <span class=\"head\">Subscribe to the comments on this post<\/span><\/a><\/li><\/ul><div class=\"clean\"><\/div> <\/div>","protected":false},"excerpt":{"rendered":"<p>Cette espace est d\u00e9di\u00e9 aux membres de l&rsquo;association. Vous y trouverez les documents et informations li\u00e9s \u00e0 la vie du club. \u00a0 Bookmark on Delicious Digg this post Recommend on Facebook share via Reddit Share with Stumblers Tweet about it Subscribe to the comments on this post<\/p>\n","protected":false},"author":1,"featured_media":0,"parent":54,"menu_order":0,"comment_status":"closed","ping_status":"open","template":"","meta":{"footnotes":""},"_links":{"self":[{"href":"http:\/\/aquasub78.fr\/WordPress3\/index.php?rest_route=\/wp\/v2\/pages\/124"}],"collection":[{"href":"http:\/\/aquasub78.fr\/WordPress3\/index.php?rest_route=\/wp\/v2\/pages"}],"about":[{"href":"http:\/\/aquasub78.fr\/WordPress3\/index.php?rest_route=\/wp\/v2\/types\/page"}],"author":[{"embeddable":true,"href":"http:\/\/aquasub78.fr\/WordPress3\/index.php?rest_route=\/wp\/v2\/users\/1"}],"replies":[{"embeddable":true,"href":"http:\/\/aquasub78.fr\/WordPress3\/index.php?rest_route=%2Fwp%2Fv2%2Fcomments&post=124"}],"version-history":[{"count":33,"href":"http:\/\/aquasub78.fr\/WordPress3\/index.php?rest_route=\/wp\/v2\/pages\/124\/revisions"}],"predecessor-version":[{"id":1807,"href":"http:\/\/aquasub78.fr\/WordPress3\/index.php?rest_route=\/wp\/v2\/pages\/124\/revisions\/1807"}],"up":[{"embeddable":true,"href":"http:\/\/aquasub78.fr\/WordPress3\/index.php?rest_route=\/wp\/v2\/pages\/54"}],"wp:attachment":[{"href":"http:\/\/aquasub78.fr\/WordPress3\/index.php?rest_route=%2Fwp%2Fv2%2Fmedia&parent=124"}],"curies":[{"name":"wp","href":"https:\/\/api.w.org\/{rel}","templated":true}]}}