{"id":171,"date":"2012-08-01T16:47:33","date_gmt":"2012-08-01T14:47:33","guid":{"rendered":"http:\/\/aquasub78.fr\/WordPress3\/?page_id=171"},"modified":"2025-10-26T18:15:54","modified_gmt":"2025-10-26T17:15:54","slug":"3-niveau-3-ffessm","status":"publish","type":"page","link":"http:\/\/aquasub78.fr\/WordPress3\/?page_id=171","title":{"rendered":"Niveau 3 FFESSM"},"content":{"rendered":"<p style=\"text-align: left;\"><strong>Vous pouvez partir plonger en toute autonomie jusqu&rsquo;\u00e0 60 m\u00e8tres, <\/strong><\/p>\n<p style=\"text-align: left;\"><strong>avec d&rsquo;autres Plongeurs Niveaux 3 sans guide.<\/strong><\/p>\n<p>Le Niveau 3 est la qualification qui vous permettra d\u2019acc\u00e9der \u00e0 la plong\u00e9e en autonomie entre 0 et 60 m\u00e8tres avec d\u2019autres Niveaux 3 ou 4.<br \/>\nA l\u2019issue de cette formation, en l\u2019absence d\u2019un moniteur, vous serez capable d\u2019organiser vos plong\u00e9es.<\/p>\n<p>Ce brevet est reconnu partout en France et \u00e0 l\u2019\u00e9tranger.<\/p>\n<p>Cette activit\u00e9 est ouverte \u00e0 toute personne, qui en bonne sant\u00e9, \u00e2g\u00e9e au minimum de 17 ans, peut suivre cette formation.<br \/>\nEtre Niveau 2 ( ou \u00e9quivalent ) et avoir acquis une certaine exp\u00e9rience de la plong\u00e9e en autonomie dans la zone des 20 m\u00e8tres.<br \/>\nLa pratique de plong\u00e9es \u00ab Explo \u00bb encadr\u00e9es dans la zone des 40 m\u00e8tres \u00e0 son actif sera n\u00e9cessaire<\/p>\n<p><strong><span style=\"text-decoration: underline;\">La formation<\/span><\/strong> :<br \/>\nElle contient des s\u00e9ances th\u00e9oriques, afin d\u2019appr\u00e9hender les sp\u00e9cificit\u00e9s de la Plong\u00e9e Profonde en Autonomie.<\/p>\n<p>Les plong\u00e9es de formation pratique doivent vous permettre de perfectionner la technique acquise au Niveau 2 et de l\u2019adapter \u00e0 la Plong\u00e9e Profonde.<\/p>\n<p>Cette qualification \u00e9tant \u00ab continue \u00bb, chaque exercice correctement ex\u00e9cut\u00e9 plusieurs fois est valid\u00e9 tant en th\u00e9orie qu\u2019en pratique. Il n\u2019y a pas d\u2019examen.<\/p>\n<p>Cette prestation \u00e9tant \u00e0 la carte, il conviendra de d\u00e9finir un planning ensemble. Vous pourrez ainsi r\u00e9aliser cette formation \u00e0 votre rythme.<\/p>\n<p><span style=\"text-decoration: underline;\"><strong>Comp\u00e9tences \u00e0 valider<\/strong> <\/span><\/p>\n<p>. Analyser et identifier toute difficult\u00e9 rencontr\u00e9e par un \u00e9quipier<br \/>\n. Porter secours en toutes situations, en immersion, \u00e0 un plongeur autonome en difficult\u00e9<br \/>\n. Sortir de l&rsquo;eau un plongeur en difficult\u00e9<br \/>\n. Alerter les secours et organiser l&rsquo;\u00e9vacuation<br \/>\n. Assurer les premiers secours<\/p>\n<p>. Se rep\u00e9rer en immersion dans la zone des 40 m<br \/>\n. Adapter le d\u00e9roulement de la plong\u00e9e aux conditions rencontr\u00e9es<br \/>\n. Assurer collectivement la conduite de la palanqu\u00e9e<br \/>\n. Ma\u00eetriser les proc\u00e9dures de remont\u00e9e adapt\u00e9es \u00e0 la plong\u00e9e profonde<\/p>\n<p>&#8211; Conna\u00eetre des \u00e9l\u00e9ments de th\u00e9orie :<\/p>\n<p>. Organisation des secours<br \/>\n. Secourisme en plong\u00e9e<\/p>\n<p>. Notions de traitement des accidents<br \/>\n. Choisir les \u00e9quipements adapt\u00e9s<br \/>\n. Choisir un site de plong\u00e9e<br \/>\n. Se rep\u00e9rer en surface et en immersion sur un site de plong\u00e9e<br \/>\n. Faire des choix de mouillage et les r\u00e9aliser<br \/>\n. Pr\u00e9voir et organiser le d\u00e9roulement de la plong\u00e9e<br \/>\n. Entretenir le mat\u00e9riel utilis\u00e9<\/p>\n<p>. dispositions r\u00e9glementaires<br \/>\n. dangers li\u00e9s au milieu<br \/>\n. connaissance et respect du milieu vivant<\/p>\n<div class='shareinpost'><ul class=\"socialwrap row\"><li class=\"iconOnly\"><a  rel='nofollow'  target='_blank'  title='Bookmark this post : Niveau 3 FFESSM on Delicious'  href='http:\/\/delicious.com\/post?url=http%3A%2F%2Faquasub78.fr%2FWordPress3%2F%3Fpage_id%3D171&amp;title=Niveau+3+FFESSM'  ><img  src='http:\/\/aquasub78.fr\/WordPress3\/wp-content\/plugins\/share-and-follow\/images\/blank.gif'  height='32' width='32'  class='image-32' alt='delicious'  style='background: transparent url(http:\/\/aquasub78.fr\/WordPress3\/wp-content\/plugins\/share-and-follow\/default\/32\/sprite-feb-32.png) no-repeat;padding:0;margin:0;height:32px;width:32px;background-position:-231px 0px'   \/> <span class=\"head\">Bookmark on Delicious<\/span><\/a><\/li><li class=\"iconOnly\"><a  rel='nofollow'  target='_blank'  title='Digg this post : Niveau 3 FFESSM'  href='http:\/\/digg.com\/submit?url=http%3A%2F%2Faquasub78.fr%2FWordPress3%2F%3Fpage_id%3D171&amp;title=Niveau+3+FFESSM&amp;bodytext=Vous+pouvez+partir+plonger+en+toute+autonomie+jusqu%27%C3%A0+60+m%C3%A8tres%2C+%0Aavec+d%27autres+Plongeurs+Niveaux+3+sans+guide.%0ALe+Niveau+3+est+la+qualification+qui+vous+permettra+d%E2%80%99acc%C3%A9der+%C3%A0+la+plong%C3%A9e+en+autonomie+entre+0+et+60+m%C3%A8tres+avec+d%E2%80%99autres+Niveaux+3+ou+4.%0AA+l%E2%80%99issue+de+cette+formation%2C+en+l%E2%80%99absence+d%E2%80%99un+monit'  ><img  src='http:\/\/aquasub78.fr\/WordPress3\/wp-content\/plugins\/share-and-follow\/images\/blank.gif'  height='32' width='32'  class='image-32' alt='digg'  style='background: transparent url(http:\/\/aquasub78.fr\/WordPress3\/wp-content\/plugins\/share-and-follow\/default\/32\/sprite-feb-32.png) no-repeat;padding:0;margin:0;height:32px;width:32px;background-position:-297px 0px'   \/> <span class=\"head\">Digg this post<\/span><\/a><\/li><li class=\"iconOnly\"><a  rel='nofollow'  target='_blank'  title='Recommend this post : Niveau 3 FFESSM on Facebook'  href='http:\/\/www.facebook.com\/sharer.php?u=http%3A%2F%2Faquasub78.fr%2FWordPress3%2F%3Fpage_id%3D171&amp;t=Niveau+3+FFESSM'  ><img  src='http:\/\/aquasub78.fr\/WordPress3\/wp-content\/plugins\/share-and-follow\/images\/blank.gif'  height='32' width='32'  class='image-32' alt='facebook'  style='background: transparent url(http:\/\/aquasub78.fr\/WordPress3\/wp-content\/plugins\/share-and-follow\/default\/32\/sprite-feb-32.png) no-repeat;padding:0;margin:0;height:32px;width:32px;background-position:-396px 0px'   \/> <span class=\"head\">Recommend on Facebook<\/span><\/a><\/li><li class=\"iconOnly\"><a  rel='nofollow'  target='_blank'  title='Share this post : Niveau 3 FFESSM on Reddit'  href='http:\/\/www.reddit.com\/submit?url=http%3A%2F%2Faquasub78.fr%2FWordPress3%2F%3Fpage_id%3D171&amp;title=Niveau+3+FFESSM'  ><img  src='http:\/\/aquasub78.fr\/WordPress3\/wp-content\/plugins\/share-and-follow\/images\/blank.gif'  height='32' width='32'  class='image-32' alt='reddit'  style='background: transparent url(http:\/\/aquasub78.fr\/WordPress3\/wp-content\/plugins\/share-and-follow\/default\/32\/sprite-feb-32.png) no-repeat;padding:0;margin:0;height:32px;width:32px;background-position:-1749px 0px'   \/> <span class=\"head\">share via Reddit<\/span><\/a><\/li><li class=\"iconOnly\"><a  rel='nofollow'  target='_blank'  title='Share this post : Niveau 3 FFESSM with Stumblers'  href='http:\/\/www.stumbleupon.com\/submit?url=http%3A%2F%2Faquasub78.fr%2FWordPress3%2F%3Fpage_id%3D171&amp;title=Niveau+3+FFESSM'  ><img  src='http:\/\/aquasub78.fr\/WordPress3\/wp-content\/plugins\/share-and-follow\/images\/blank.gif'  height='32' width='32'  class='image-32' alt='stumble'  style='background: transparent url(http:\/\/aquasub78.fr\/WordPress3\/wp-content\/plugins\/share-and-follow\/default\/32\/sprite-feb-32.png) no-repeat;padding:0;margin:0;height:32px;width:32px;background-position:-1980px 0px'   \/> <span class=\"head\">Share with Stumblers<\/span><\/a><\/li><li class=\"iconOnly\"><a  rel='nofollow'  target='_blank'  title='Tweet this post : Niveau 3 FFESSM on Twitter'  href=\"http:\/\/twitter.com\/share?url=http%3A%2F%2Faquasub78.fr%2FWordPress3%2F%3Fpage_id%3D171&amp;text=\"  ><img  src='http:\/\/aquasub78.fr\/WordPress3\/wp-content\/plugins\/share-and-follow\/images\/blank.gif'  height='32' width='32'  class='image-32' alt='twitter'  style='background: transparent url(http:\/\/aquasub78.fr\/WordPress3\/wp-content\/plugins\/share-and-follow\/default\/32\/sprite-feb-32.png) no-repeat;padding:0;margin:0;height:32px;width:32px;background-position:-132px -33px'   \/> <span class=\"head\">Tweet about it<\/span><\/a><\/li><li class=\"iconOnly\"><a rel=\"_self\" href=\"http:\/\/aquasub78.fr\/WordPress3\/?page_id=171&feed=rss2\" title=\"Follow this post : Niveau 3 FFESSM comments\"><img loading=\"lazy\" decoding=\"async\" src=\"http:\/\/aquasub78.fr\/WordPress3\/wp-content\/plugins\/share-and-follow\/images\/blank.gif\" height=\"32\"  width=\"32\" style=\"background: transparent url(http:\/\/aquasub78.fr\/WordPress3\/wp-content\/plugins\/share-and-follow\/default\/32\/sprite-feb-32.png) no-repeat;padding:0;margin:0;height:32px;width:32px;background-position:-1782px 0px\" class=\"image-32\"  alt=\"rss\" \/> <span class=\"head\">Subscribe to the comments on this post<\/span><\/a><\/li><\/ul><div class=\"clean\"><\/div> <\/div>","protected":false},"excerpt":{"rendered":"<p>Vous pouvez partir plonger en toute autonomie jusqu&rsquo;\u00e0 60 m\u00e8tres, avec d&rsquo;autres Plongeurs Niveaux 3 sans guide. Le Niveau 3 est la qualification qui vous permettra d\u2019acc\u00e9der \u00e0 la plong\u00e9e en autonomie entre 0 et 60 m\u00e8tres avec d\u2019autres Niveaux 3 ou 4. A l\u2019issue de cette formation, en l\u2019absence d\u2019un moniteur, vous serez capable [&hellip;]<\/p>\n","protected":false},"author":1,"featured_media":0,"parent":40,"menu_order":2,"comment_status":"closed","ping_status":"closed","template":"","meta":{"footnotes":""},"_links":{"self":[{"href":"http:\/\/aquasub78.fr\/WordPress3\/index.php?rest_route=\/wp\/v2\/pages\/171"}],"collection":[{"href":"http:\/\/aquasub78.fr\/WordPress3\/index.php?rest_route=\/wp\/v2\/pages"}],"about":[{"href":"http:\/\/aquasub78.fr\/WordPress3\/index.php?rest_route=\/wp\/v2\/types\/page"}],"author":[{"embeddable":true,"href":"http:\/\/aquasub78.fr\/WordPress3\/index.php?rest_route=\/wp\/v2\/users\/1"}],"replies":[{"embeddable":true,"href":"http:\/\/aquasub78.fr\/WordPress3\/index.php?rest_route=%2Fwp%2Fv2%2Fcomments&post=171"}],"version-history":[{"count":4,"href":"http:\/\/aquasub78.fr\/WordPress3\/index.php?rest_route=\/wp\/v2\/pages\/171\/revisions"}],"predecessor-version":[{"id":2362,"href":"http:\/\/aquasub78.fr\/WordPress3\/index.php?rest_route=\/wp\/v2\/pages\/171\/revisions\/2362"}],"up":[{"embeddable":true,"href":"http:\/\/aquasub78.fr\/WordPress3\/index.php?rest_route=\/wp\/v2\/pages\/40"}],"wp:attachment":[{"href":"http:\/\/aquasub78.fr\/WordPress3\/index.php?rest_route=%2Fwp%2Fv2%2Fmedia&parent=171"}],"curies":[{"name":"wp","href":"https:\/\/api.w.org\/{rel}","templated":true}]}}