{"id":2,"date":"2012-01-10T10:31:09","date_gmt":"2012-01-10T10:31:09","guid":{"rendered":"http:\/\/aquasub78.fr\/WordPress3\/\/?page_id=2"},"modified":"2020-08-19T12:11:51","modified_gmt":"2020-08-19T10:11:51","slug":"about","status":"publish","type":"page","link":"http:\/\/aquasub78.fr\/WordPress3\/?page_id=2","title":{"rendered":"A propos"},"content":{"rendered":"<p><a href=\"http:\/\/aquasub78.fr\/WordPress3\/wp-content\/uploads\/2012\/01\/LogoAquasub78v23.jpg\"><img loading=\"lazy\" decoding=\"async\" class=\"alignleft size-full wp-image-14\" title=\"LogoAquasub78v2\" src=\"http:\/\/aquasub78.fr\/WordPress3\/wp-content\/uploads\/2012\/01\/LogoAquasub78v23.jpg\" alt=\"\" width=\"100\" height=\"57\" \/><\/a><\/p>\n<h1><strong>\u00a0 Notre approche<\/strong><\/h1>\n<p>AQUASUB 78 est un club associatif, affili\u00e9 \u00e0 la\u00a0 FFESSM (F\u00e9d\u00e9ration Fran\u00e7aise d&rsquo;Etudes et de Sports Sous-marins) N\u00b0 07 78 0845 .<\/p>\n<p>Fond\u00e9 par des plongeurs et moniteurs amateurs d\u2019environnement sub-aquatique, alliant respect du milieu, technique et loisir, sa philosophie se r\u00e9sume en trois concepts :<\/p>\n<p align=\"center\"><strong>Autonomie, S\u00e9curit\u00e9, Plaisir<\/strong>.<\/p>\n<p>Le projet p\u00e9dagogique s&rsquo;inscrit dans cette philosophie. L&rsquo;objectif de AQUASUB 78 est ainsi de former des plongeurs autonomes, capables d&rsquo;assurer leur propre s\u00e9curit\u00e9 et celle de leur co\u00e9quipier de palanqu\u00e9e, et qui prendront un immense plaisir \u00e0 d\u00e9couvrir le monde sous-marin et \u00e0 remonter du fond des exp\u00e9riences inoubliables!<\/p>\n<p>Pour cela, la formation, l&rsquo;entra\u00eenement r\u00e9gulier et la r\u00e9p\u00e9tition des acquis sont indispensables, aussi nous proposons des formations adapt\u00e9es au besoin et d\u00e9sir de chacun.<\/p>\n<div class='shareinpost'><ul class=\"socialwrap row\"><li class=\"iconOnly\"><a  rel='nofollow'  target='_blank'  title='Bookmark this post : A propos on Delicious'  href='http:\/\/delicious.com\/post?url=http%3A%2F%2Faquasub78.fr%2FWordPress3%2F%3Fpage_id%3D2&amp;title=A+propos'  ><img  src='http:\/\/aquasub78.fr\/WordPress3\/wp-content\/plugins\/share-and-follow\/images\/blank.gif'  height='32' width='32'  class='image-32' alt='delicious'  style='background: transparent url(http:\/\/aquasub78.fr\/WordPress3\/wp-content\/plugins\/share-and-follow\/default\/32\/sprite-feb-32.png) no-repeat;padding:0;margin:0;height:32px;width:32px;background-position:-231px 0px'   \/> <span class=\"head\">Bookmark on Delicious<\/span><\/a><\/li><li class=\"iconOnly\"><a  rel='nofollow'  target='_blank'  title='Digg this post : A propos'  href='http:\/\/digg.com\/submit?url=http%3A%2F%2Faquasub78.fr%2FWordPress3%2F%3Fpage_id%3D2&amp;title=A+propos&amp;bodytext=%0A%C2%A0+Notre+approche%0AAQUASUB+78+est+un+club+associatif%2C+affili%C3%A9+%C3%A0+la%C2%A0+FFESSM+%28F%C3%A9d%C3%A9ration+Fran%C3%A7aise+d%27Etudes+et+de+Sports+Sous-marins%29+N%C2%B0+07+78+0845+.%0A%0AFond%C3%A9+par+des+plongeurs+et+moniteurs+amateurs+d%E2%80%99environnement+sub-aquatique%2C+alliant+respect+du+milieu%2C+technique+et+loisir%2C+sa+philosophie+se+r%C3%A9sume+en+trois+c'  ><img  src='http:\/\/aquasub78.fr\/WordPress3\/wp-content\/plugins\/share-and-follow\/images\/blank.gif'  height='32' width='32'  class='image-32' alt='digg'  style='background: transparent url(http:\/\/aquasub78.fr\/WordPress3\/wp-content\/plugins\/share-and-follow\/default\/32\/sprite-feb-32.png) no-repeat;padding:0;margin:0;height:32px;width:32px;background-position:-297px 0px'   \/> <span class=\"head\">Digg this post<\/span><\/a><\/li><li class=\"iconOnly\"><a  rel='nofollow'  target='_blank'  title='Recommend this post : A propos on Facebook'  href='http:\/\/www.facebook.com\/sharer.php?u=http%3A%2F%2Faquasub78.fr%2FWordPress3%2F%3Fpage_id%3D2&amp;t=A+propos'  ><img  src='http:\/\/aquasub78.fr\/WordPress3\/wp-content\/plugins\/share-and-follow\/images\/blank.gif'  height='32' width='32'  class='image-32' alt='facebook'  style='background: transparent url(http:\/\/aquasub78.fr\/WordPress3\/wp-content\/plugins\/share-and-follow\/default\/32\/sprite-feb-32.png) no-repeat;padding:0;margin:0;height:32px;width:32px;background-position:-396px 0px'   \/> <span class=\"head\">Recommend on Facebook<\/span><\/a><\/li><li class=\"iconOnly\"><a  rel='nofollow'  target='_blank'  title='Share this post : A propos on Reddit'  href='http:\/\/www.reddit.com\/submit?url=http%3A%2F%2Faquasub78.fr%2FWordPress3%2F%3Fpage_id%3D2&amp;title=A+propos'  ><img  src='http:\/\/aquasub78.fr\/WordPress3\/wp-content\/plugins\/share-and-follow\/images\/blank.gif'  height='32' width='32'  class='image-32' alt='reddit'  style='background: transparent url(http:\/\/aquasub78.fr\/WordPress3\/wp-content\/plugins\/share-and-follow\/default\/32\/sprite-feb-32.png) no-repeat;padding:0;margin:0;height:32px;width:32px;background-position:-1749px 0px'   \/> <span class=\"head\">share via Reddit<\/span><\/a><\/li><li class=\"iconOnly\"><a  rel='nofollow'  target='_blank'  title='Share this post : A propos with Stumblers'  href='http:\/\/www.stumbleupon.com\/submit?url=http%3A%2F%2Faquasub78.fr%2FWordPress3%2F%3Fpage_id%3D2&amp;title=A+propos'  ><img  src='http:\/\/aquasub78.fr\/WordPress3\/wp-content\/plugins\/share-and-follow\/images\/blank.gif'  height='32' width='32'  class='image-32' alt='stumble'  style='background: transparent url(http:\/\/aquasub78.fr\/WordPress3\/wp-content\/plugins\/share-and-follow\/default\/32\/sprite-feb-32.png) no-repeat;padding:0;margin:0;height:32px;width:32px;background-position:-1980px 0px'   \/> <span class=\"head\">Share with Stumblers<\/span><\/a><\/li><li class=\"iconOnly\"><a  rel='nofollow'  target='_blank'  title='Tweet this post : A propos on Twitter'  href=\"http:\/\/twitter.com\/share?url=http%3A%2F%2Faquasub78.fr%2FWordPress3%2F%3Fpage_id%3D2&amp;text=\"  ><img  src='http:\/\/aquasub78.fr\/WordPress3\/wp-content\/plugins\/share-and-follow\/images\/blank.gif'  height='32' width='32'  class='image-32' alt='twitter'  style='background: transparent url(http:\/\/aquasub78.fr\/WordPress3\/wp-content\/plugins\/share-and-follow\/default\/32\/sprite-feb-32.png) no-repeat;padding:0;margin:0;height:32px;width:32px;background-position:-132px -33px'   \/> <span class=\"head\">Tweet about it<\/span><\/a><\/li><li class=\"iconOnly\"><a rel=\"_self\" href=\"http:\/\/aquasub78.fr\/WordPress3\/?page_id=2&feed=rss2\" title=\"Follow this post : A propos comments\"><img loading=\"lazy\" decoding=\"async\" src=\"http:\/\/aquasub78.fr\/WordPress3\/wp-content\/plugins\/share-and-follow\/images\/blank.gif\" height=\"32\"  width=\"32\" style=\"background: transparent url(http:\/\/aquasub78.fr\/WordPress3\/wp-content\/plugins\/share-and-follow\/default\/32\/sprite-feb-32.png) no-repeat;padding:0;margin:0;height:32px;width:32px;background-position:-1782px 0px\" class=\"image-32\"  alt=\"rss\" \/> <span class=\"head\">Subscribe to the comments on this post<\/span><\/a><\/li><\/ul><div class=\"clean\"><\/div> <\/div>","protected":false},"excerpt":{"rendered":"<p>\u00a0 Notre approche AQUASUB 78 est un club associatif, affili\u00e9 \u00e0 la\u00a0 FFESSM (F\u00e9d\u00e9ration Fran\u00e7aise d&rsquo;Etudes et de Sports Sous-marins) N\u00b0 07 78 0845 . Fond\u00e9 par des plongeurs et moniteurs amateurs d\u2019environnement sub-aquatique, alliant respect du milieu, technique et loisir, sa philosophie se r\u00e9sume en trois concepts : Autonomie, S\u00e9curit\u00e9, Plaisir. Le projet p\u00e9dagogique [&hellip;]<\/p>\n","protected":false},"author":1,"featured_media":0,"parent":0,"menu_order":0,"comment_status":"open","ping_status":"open","template":"","meta":{"footnotes":""},"_links":{"self":[{"href":"http:\/\/aquasub78.fr\/WordPress3\/index.php?rest_route=\/wp\/v2\/pages\/2"}],"collection":[{"href":"http:\/\/aquasub78.fr\/WordPress3\/index.php?rest_route=\/wp\/v2\/pages"}],"about":[{"href":"http:\/\/aquasub78.fr\/WordPress3\/index.php?rest_route=\/wp\/v2\/types\/page"}],"author":[{"embeddable":true,"href":"http:\/\/aquasub78.fr\/WordPress3\/index.php?rest_route=\/wp\/v2\/users\/1"}],"replies":[{"embeddable":true,"href":"http:\/\/aquasub78.fr\/WordPress3\/index.php?rest_route=%2Fwp%2Fv2%2Fcomments&post=2"}],"version-history":[{"count":9,"href":"http:\/\/aquasub78.fr\/WordPress3\/index.php?rest_route=\/wp\/v2\/pages\/2\/revisions"}],"predecessor-version":[{"id":1055,"href":"http:\/\/aquasub78.fr\/WordPress3\/index.php?rest_route=\/wp\/v2\/pages\/2\/revisions\/1055"}],"wp:attachment":[{"href":"http:\/\/aquasub78.fr\/WordPress3\/index.php?rest_route=%2Fwp%2Fv2%2Fmedia&parent=2"}],"curies":[{"name":"wp","href":"https:\/\/api.w.org\/{rel}","templated":true}]}}