{"id":40,"date":"2012-01-16T14:20:54","date_gmt":"2012-01-16T13:20:54","guid":{"rendered":"http:\/\/aquasub78.fr\/WordPress3\/?page_id=40"},"modified":"2020-09-06T17:48:54","modified_gmt":"2020-09-06T15:48:54","slug":"formations","status":"publish","type":"page","link":"http:\/\/aquasub78.fr\/WordPress3\/?page_id=40","title":{"rendered":"Formations"},"content":{"rendered":"<h1 style=\"text-align: center;\"><span style=\"color: #ff0000;\"><strong><a href=\"http:\/\/aquasub78.fr\/WordPress3\/wp-content\/uploads\/2012\/01\/log_ffessm.gif\"><img loading=\"lazy\" decoding=\"async\" title=\"log_ffessm\" src=\"http:\/\/aquasub78.fr\/WordPress3\/wp-content\/uploads\/2012\/01\/log_ffessm.gif\" alt=\"\" width=\"150\" height=\"133\" \/><\/a><\/strong>Formations propos\u00e9es par Aquasub 78<\/span><\/h1>\n<p><strong>Formation \u00e0 la plong\u00e9e bouteille<\/strong>:<\/p>\n<p>1. Cursus Plongeurs<\/p>\n<p>&#8211; Enfants: apprentissage de la plong\u00e9e en bouteille \u00e0 partir de 8 ans<br \/>\n&#8211; Niveau 1 FFESSM (ouverte aux d\u00e9butants)<br \/>\n&#8211; Niveau 2 FFESSM (acc\u00e8s \u00e0 l\u2019autonomie limit\u00e9e)<br \/>\n&#8211; Niveau 3 FFESSM (plongeur autonome)<\/p>\n<p>2. Cursus Moniteurs<\/p>\n<p>&#8211; Niveau 4 FFESSM Guide de palanqu\u00e9e (formation valid\u00e9e lors d\u2019un stage F\u00e9d\u00e9ral d\u00e9partemental).<br \/>\n&#8211; Initiateur F\u00e9d\u00e9ral\u00a0 premier niveau de monitorat<br \/>\n&#8211; Moniteur F\u00e9d\u00e9ral MF1<\/p>\n<p>3. Formation au secourisme, ouverte \u00e0 tous.<\/p>\n<p>4. Formation \u00e0 la biologie sous-marine, ouverte \u00e0 tous.<\/p>\n<p>5. Section \u00ab\u00a0Loisir\u00a0\u00bb est r\u00e9serv\u00e9e aux autonomes (N2 min) voulant entretenir leurs comp\u00e9tences sans pr\u00e9paration de niveau.<\/p>\n<div class='shareinpost'><ul class=\"socialwrap row\"><li class=\"iconOnly\"><a  rel='nofollow'  target='_blank'  title='Bookmark this post : Formations on Delicious'  href='http:\/\/delicious.com\/post?url=http%3A%2F%2Faquasub78.fr%2FWordPress3%2F%3Fpage_id%3D40&amp;title=Formations'  ><img  src='http:\/\/aquasub78.fr\/WordPress3\/wp-content\/plugins\/share-and-follow\/images\/blank.gif'  height='32' width='32'  class='image-32' alt='delicious'  style='background: transparent url(http:\/\/aquasub78.fr\/WordPress3\/wp-content\/plugins\/share-and-follow\/default\/32\/sprite-feb-32.png) no-repeat;padding:0;margin:0;height:32px;width:32px;background-position:-231px 0px'   \/> <span class=\"head\">Bookmark on Delicious<\/span><\/a><\/li><li class=\"iconOnly\"><a  rel='nofollow'  target='_blank'  title='Digg this post : Formations'  href='http:\/\/digg.com\/submit?url=http%3A%2F%2Faquasub78.fr%2FWordPress3%2F%3Fpage_id%3D40&amp;title=Formations&amp;bodytext=Formations+propos%C3%A9es+par+Aquasub+78%0AFormation+%C3%A0+la+plong%C3%A9e+bouteille%3A%0A%0A1.+Cursus+Plongeurs%0A%0A-+Enfants%3A+apprentissage+de+la+plong%C3%A9e+en+bouteille+%C3%A0+partir+de+8+ans%0A-+Niveau+1+FFESSM+%28ouverte+aux+d%C3%A9butants%29%0A-+Niveau+2+FFESSM+%28acc%C3%A8s+%C3%A0+l%E2%80%99autonomie+limit%C3%A9e%29%0A-+Niveau+3+FFESSM+%28plongeur+autonome%29%0A%0A2.+Cursus+Moniteur'  ><img  src='http:\/\/aquasub78.fr\/WordPress3\/wp-content\/plugins\/share-and-follow\/images\/blank.gif'  height='32' width='32'  class='image-32' alt='digg'  style='background: transparent url(http:\/\/aquasub78.fr\/WordPress3\/wp-content\/plugins\/share-and-follow\/default\/32\/sprite-feb-32.png) no-repeat;padding:0;margin:0;height:32px;width:32px;background-position:-297px 0px'   \/> <span class=\"head\">Digg this post<\/span><\/a><\/li><li class=\"iconOnly\"><a  rel='nofollow'  target='_blank'  title='Recommend this post : Formations on Facebook'  href='http:\/\/www.facebook.com\/sharer.php?u=http%3A%2F%2Faquasub78.fr%2FWordPress3%2F%3Fpage_id%3D40&amp;t=Formations'  ><img  src='http:\/\/aquasub78.fr\/WordPress3\/wp-content\/plugins\/share-and-follow\/images\/blank.gif'  height='32' width='32'  class='image-32' alt='facebook'  style='background: transparent url(http:\/\/aquasub78.fr\/WordPress3\/wp-content\/plugins\/share-and-follow\/default\/32\/sprite-feb-32.png) no-repeat;padding:0;margin:0;height:32px;width:32px;background-position:-396px 0px'   \/> <span class=\"head\">Recommend on Facebook<\/span><\/a><\/li><li class=\"iconOnly\"><a  rel='nofollow'  target='_blank'  title='Share this post : Formations on Reddit'  href='http:\/\/www.reddit.com\/submit?url=http%3A%2F%2Faquasub78.fr%2FWordPress3%2F%3Fpage_id%3D40&amp;title=Formations'  ><img  src='http:\/\/aquasub78.fr\/WordPress3\/wp-content\/plugins\/share-and-follow\/images\/blank.gif'  height='32' width='32'  class='image-32' alt='reddit'  style='background: transparent url(http:\/\/aquasub78.fr\/WordPress3\/wp-content\/plugins\/share-and-follow\/default\/32\/sprite-feb-32.png) no-repeat;padding:0;margin:0;height:32px;width:32px;background-position:-1749px 0px'   \/> <span class=\"head\">share via Reddit<\/span><\/a><\/li><li class=\"iconOnly\"><a  rel='nofollow'  target='_blank'  title='Share this post : Formations with Stumblers'  href='http:\/\/www.stumbleupon.com\/submit?url=http%3A%2F%2Faquasub78.fr%2FWordPress3%2F%3Fpage_id%3D40&amp;title=Formations'  ><img  src='http:\/\/aquasub78.fr\/WordPress3\/wp-content\/plugins\/share-and-follow\/images\/blank.gif'  height='32' width='32'  class='image-32' alt='stumble'  style='background: transparent url(http:\/\/aquasub78.fr\/WordPress3\/wp-content\/plugins\/share-and-follow\/default\/32\/sprite-feb-32.png) no-repeat;padding:0;margin:0;height:32px;width:32px;background-position:-1980px 0px'   \/> <span class=\"head\">Share with Stumblers<\/span><\/a><\/li><li class=\"iconOnly\"><a  rel='nofollow'  target='_blank'  title='Tweet this post : Formations on Twitter'  href=\"http:\/\/twitter.com\/share?url=http%3A%2F%2Faquasub78.fr%2FWordPress3%2F%3Fpage_id%3D40&amp;text=\"  ><img  src='http:\/\/aquasub78.fr\/WordPress3\/wp-content\/plugins\/share-and-follow\/images\/blank.gif'  height='32' width='32'  class='image-32' alt='twitter'  style='background: transparent url(http:\/\/aquasub78.fr\/WordPress3\/wp-content\/plugins\/share-and-follow\/default\/32\/sprite-feb-32.png) no-repeat;padding:0;margin:0;height:32px;width:32px;background-position:-132px -33px'   \/> <span class=\"head\">Tweet about it<\/span><\/a><\/li><li class=\"iconOnly\"><a rel=\"_self\" href=\"http:\/\/aquasub78.fr\/WordPress3\/?page_id=40&feed=rss2\" title=\"Follow this post : Formations comments\"><img loading=\"lazy\" decoding=\"async\" src=\"http:\/\/aquasub78.fr\/WordPress3\/wp-content\/plugins\/share-and-follow\/images\/blank.gif\" height=\"32\"  width=\"32\" style=\"background: transparent url(http:\/\/aquasub78.fr\/WordPress3\/wp-content\/plugins\/share-and-follow\/default\/32\/sprite-feb-32.png) no-repeat;padding:0;margin:0;height:32px;width:32px;background-position:-1782px 0px\" class=\"image-32\"  alt=\"rss\" \/> <span class=\"head\">Subscribe to the comments on this post<\/span><\/a><\/li><\/ul><div class=\"clean\"><\/div> <\/div>","protected":false},"excerpt":{"rendered":"<p>Formations propos\u00e9es par Aquasub 78 Formation \u00e0 la plong\u00e9e bouteille: 1. Cursus Plongeurs &#8211; Enfants: apprentissage de la plong\u00e9e en bouteille \u00e0 partir de 8 ans &#8211; Niveau 1 FFESSM (ouverte aux d\u00e9butants) &#8211; Niveau 2 FFESSM (acc\u00e8s \u00e0 l\u2019autonomie limit\u00e9e) &#8211; Niveau 3 FFESSM (plongeur autonome) 2. Cursus Moniteurs &#8211; Niveau 4 FFESSM Guide [&hellip;]<\/p>\n","protected":false},"author":1,"featured_media":0,"parent":0,"menu_order":0,"comment_status":"closed","ping_status":"open","template":"","meta":{"footnotes":""},"_links":{"self":[{"href":"http:\/\/aquasub78.fr\/WordPress3\/index.php?rest_route=\/wp\/v2\/pages\/40"}],"collection":[{"href":"http:\/\/aquasub78.fr\/WordPress3\/index.php?rest_route=\/wp\/v2\/pages"}],"about":[{"href":"http:\/\/aquasub78.fr\/WordPress3\/index.php?rest_route=\/wp\/v2\/types\/page"}],"author":[{"embeddable":true,"href":"http:\/\/aquasub78.fr\/WordPress3\/index.php?rest_route=\/wp\/v2\/users\/1"}],"replies":[{"embeddable":true,"href":"http:\/\/aquasub78.fr\/WordPress3\/index.php?rest_route=%2Fwp%2Fv2%2Fcomments&post=40"}],"version-history":[{"count":5,"href":"http:\/\/aquasub78.fr\/WordPress3\/index.php?rest_route=\/wp\/v2\/pages\/40\/revisions"}],"predecessor-version":[{"id":1198,"href":"http:\/\/aquasub78.fr\/WordPress3\/index.php?rest_route=\/wp\/v2\/pages\/40\/revisions\/1198"}],"wp:attachment":[{"href":"http:\/\/aquasub78.fr\/WordPress3\/index.php?rest_route=%2Fwp%2Fv2%2Fmedia&parent=40"}],"curies":[{"name":"wp","href":"https:\/\/api.w.org\/{rel}","templated":true}]}}