{"id":54,"date":"2012-03-30T11:52:24","date_gmt":"2012-03-30T09:52:24","guid":{"rendered":"http:\/\/aquasub78.fr\/WordPress3\/?page_id=54"},"modified":"2025-10-26T20:36:50","modified_gmt":"2025-10-26T19:36:50","slug":"bureau","status":"publish","type":"page","link":"http:\/\/aquasub78.fr\/WordPress3\/?page_id=54","title":{"rendered":"L&rsquo;association"},"content":{"rendered":"\n<p>Conform\u00e9ment \u00e0 ses statuts, les pouvoirs de direction de l&rsquo;association sont exerc\u00e9s par un comit\u00e9 directeur de six membres :<\/p>\n\n\n\n<p>&#8211; Le Pr\u00e9sident : Nicolas Desport (<a href=\"president@aquasub78.fr\">president@aquasub78.fr)<\/a><\/p>\n\n\n\n<p>&#8211; Le vice-pr\u00e9sident : Laurent Pourteau<\/p>\n\n\n\n<p>&#8211; Le Secr\u00e9taire G\u00e9n\u00e9ral : S\u00e9bastien Schmitt (<a href=\"secretaire@aquasub78.fr\">secretaire@aquasub78.fr)<\/a><\/p>\n\n\n\n<p>&#8211; La Tr\u00e9sori\u00e8re : Marie Chaline (<a href=\"tresoriere@aquasub78.fr\">tresoriere@aquasub78.fr)<\/a><\/p>\n\n\n\n<p>&#8211; Autres Membres : Fabrice Lallau et Marcel Tr\u00e9bouet<\/p>\n\n\n\n<p>Voici le comit\u00e9 directeur et les encadrants d&rsquo;Aquasub 78 au grand complet :<\/p>\n\n\n\n<p><\/p>\n\n\n\n<h1 class=\"wp-block-heading has-text-align-center\">Bureau (6 membres dont 4 encadrants)<\/h1>\n\n\n\n<figure class=\"wp-block-image size-full\"><a href=\"http:\/\/aquasub78.fr\/WordPress3\/wp-content\/uploads\/2025\/10\/bureau_AS78_2025.png\"><img loading=\"lazy\" decoding=\"async\" width=\"889\" height=\"699\" src=\"http:\/\/aquasub78.fr\/WordPress3\/wp-content\/uploads\/2025\/10\/bureau_AS78_2025.png\" alt=\"\" class=\"wp-image-2365\" srcset=\"http:\/\/aquasub78.fr\/WordPress3\/wp-content\/uploads\/2025\/10\/bureau_AS78_2025.png 889w, http:\/\/aquasub78.fr\/WordPress3\/wp-content\/uploads\/2025\/10\/bureau_AS78_2025-300x236.png 300w, http:\/\/aquasub78.fr\/WordPress3\/wp-content\/uploads\/2025\/10\/bureau_AS78_2025-768x604.png 768w\" sizes=\"(max-width: 889px) 100vw, 889px\" \/><\/a><\/figure>\n\n\n\n<p><\/p>\n\n\n\n<h1 class=\"wp-block-heading has-text-align-center\">Encadrants<\/h1>\n\n\n\n<figure class=\"wp-block-image size-full\"><a href=\"http:\/\/aquasub78.fr\/WordPress3\/wp-content\/uploads\/2025\/10\/encadrants_AS78_2025.png\"><img loading=\"lazy\" decoding=\"async\" width=\"890\" height=\"937\" src=\"http:\/\/aquasub78.fr\/WordPress3\/wp-content\/uploads\/2025\/10\/encadrants_AS78_2025.png\" alt=\"\" class=\"wp-image-2367\" srcset=\"http:\/\/aquasub78.fr\/WordPress3\/wp-content\/uploads\/2025\/10\/encadrants_AS78_2025.png 890w, http:\/\/aquasub78.fr\/WordPress3\/wp-content\/uploads\/2025\/10\/encadrants_AS78_2025-285x300.png 285w, http:\/\/aquasub78.fr\/WordPress3\/wp-content\/uploads\/2025\/10\/encadrants_AS78_2025-768x809.png 768w\" sizes=\"(max-width: 890px) 100vw, 890px\" \/><\/a><\/figure>\n\n\n\n<h2 class=\"wp-block-heading\"><\/h2>\n<div class='shareinpost'><ul class=\"socialwrap row\"><li class=\"iconOnly\"><a  rel='nofollow'  target='_blank'  title='Bookmark this post : L&rsquo;association on Delicious'  href='http:\/\/delicious.com\/post?url=http%3A%2F%2Faquasub78.fr%2FWordPress3%2F%3Fpage_id%3D54&amp;title=L%E2%80%99association'  ><img  src='http:\/\/aquasub78.fr\/WordPress3\/wp-content\/plugins\/share-and-follow\/images\/blank.gif'  height='32' width='32'  class='image-32' alt='delicious'  style='background: transparent url(http:\/\/aquasub78.fr\/WordPress3\/wp-content\/plugins\/share-and-follow\/default\/32\/sprite-feb-32.png) no-repeat;padding:0;margin:0;height:32px;width:32px;background-position:-231px 0px'   \/> <span class=\"head\">Bookmark on Delicious<\/span><\/a><\/li><li class=\"iconOnly\"><a  rel='nofollow'  target='_blank'  title='Digg this post : L&rsquo;association'  href='http:\/\/digg.com\/submit?url=http%3A%2F%2Faquasub78.fr%2FWordPress3%2F%3Fpage_id%3D54&amp;title=L%E2%80%99association&amp;bodytext=%0AConform%C3%A9ment+%C3%A0+ses+statuts%2C+les+pouvoirs+de+direction+de+l%27association+sont+exerc%C3%A9s+par+un+comit%C3%A9+directeur+de+six+membres+%3A%0A%0A%0A%0A-+Le+Pr%C3%A9sident+%3A+Nicolas+Desport+%28president%40aquasub78.fr%29%0A%0A%0A%0A-+Le+vice-pr%C3%A9sident+%3A+Laurent+Pourteau%0A%0A%0A%0A-+Le+Secr%C3%A9taire+G%C3%A9n%C3%A9ral+%3A+S%C3%A9bastien+Schmitt+%28secretaire%40aquasub78.fr%29%0A%0A%0A%0A-+La+'  ><img  src='http:\/\/aquasub78.fr\/WordPress3\/wp-content\/plugins\/share-and-follow\/images\/blank.gif'  height='32' width='32'  class='image-32' alt='digg'  style='background: transparent url(http:\/\/aquasub78.fr\/WordPress3\/wp-content\/plugins\/share-and-follow\/default\/32\/sprite-feb-32.png) no-repeat;padding:0;margin:0;height:32px;width:32px;background-position:-297px 0px'   \/> <span class=\"head\">Digg this post<\/span><\/a><\/li><li class=\"iconOnly\"><a  rel='nofollow'  target='_blank'  title='Recommend this post : L&rsquo;association on Facebook'  href='http:\/\/www.facebook.com\/sharer.php?u=http%3A%2F%2Faquasub78.fr%2FWordPress3%2F%3Fpage_id%3D54&amp;t=L%E2%80%99association'  ><img  src='http:\/\/aquasub78.fr\/WordPress3\/wp-content\/plugins\/share-and-follow\/images\/blank.gif'  height='32' width='32'  class='image-32' alt='facebook'  style='background: transparent url(http:\/\/aquasub78.fr\/WordPress3\/wp-content\/plugins\/share-and-follow\/default\/32\/sprite-feb-32.png) no-repeat;padding:0;margin:0;height:32px;width:32px;background-position:-396px 0px'   \/> <span class=\"head\">Recommend on Facebook<\/span><\/a><\/li><li class=\"iconOnly\"><a  rel='nofollow'  target='_blank'  title='Share this post : L&rsquo;association on Reddit'  href='http:\/\/www.reddit.com\/submit?url=http%3A%2F%2Faquasub78.fr%2FWordPress3%2F%3Fpage_id%3D54&amp;title=L%E2%80%99association'  ><img  src='http:\/\/aquasub78.fr\/WordPress3\/wp-content\/plugins\/share-and-follow\/images\/blank.gif'  height='32' width='32'  class='image-32' alt='reddit'  style='background: transparent url(http:\/\/aquasub78.fr\/WordPress3\/wp-content\/plugins\/share-and-follow\/default\/32\/sprite-feb-32.png) no-repeat;padding:0;margin:0;height:32px;width:32px;background-position:-1749px 0px'   \/> <span class=\"head\">share via Reddit<\/span><\/a><\/li><li class=\"iconOnly\"><a  rel='nofollow'  target='_blank'  title='Share this post : L&rsquo;association with Stumblers'  href='http:\/\/www.stumbleupon.com\/submit?url=http%3A%2F%2Faquasub78.fr%2FWordPress3%2F%3Fpage_id%3D54&amp;title=L%E2%80%99association'  ><img  src='http:\/\/aquasub78.fr\/WordPress3\/wp-content\/plugins\/share-and-follow\/images\/blank.gif'  height='32' width='32'  class='image-32' alt='stumble'  style='background: transparent url(http:\/\/aquasub78.fr\/WordPress3\/wp-content\/plugins\/share-and-follow\/default\/32\/sprite-feb-32.png) no-repeat;padding:0;margin:0;height:32px;width:32px;background-position:-1980px 0px'   \/> <span class=\"head\">Share with Stumblers<\/span><\/a><\/li><li class=\"iconOnly\"><a  rel='nofollow'  target='_blank'  title='Tweet this post : L&rsquo;association on Twitter'  href=\"http:\/\/twitter.com\/share?url=http%3A%2F%2Faquasub78.fr%2FWordPress3%2F%3Fpage_id%3D54&amp;text=\"  ><img  src='http:\/\/aquasub78.fr\/WordPress3\/wp-content\/plugins\/share-and-follow\/images\/blank.gif'  height='32' width='32'  class='image-32' alt='twitter'  style='background: transparent url(http:\/\/aquasub78.fr\/WordPress3\/wp-content\/plugins\/share-and-follow\/default\/32\/sprite-feb-32.png) no-repeat;padding:0;margin:0;height:32px;width:32px;background-position:-132px -33px'   \/> <span class=\"head\">Tweet about it<\/span><\/a><\/li><li class=\"iconOnly\"><a rel=\"_self\" href=\"http:\/\/aquasub78.fr\/WordPress3\/?page_id=54&feed=rss2\" title=\"Follow this post : L&rsquo;association comments\"><img loading=\"lazy\" decoding=\"async\" src=\"http:\/\/aquasub78.fr\/WordPress3\/wp-content\/plugins\/share-and-follow\/images\/blank.gif\" height=\"32\"  width=\"32\" style=\"background: transparent url(http:\/\/aquasub78.fr\/WordPress3\/wp-content\/plugins\/share-and-follow\/default\/32\/sprite-feb-32.png) no-repeat;padding:0;margin:0;height:32px;width:32px;background-position:-1782px 0px\" class=\"image-32\"  alt=\"rss\" \/> <span class=\"head\">Subscribe to the comments on this post<\/span><\/a><\/li><\/ul><div class=\"clean\"><\/div> <\/div>","protected":false},"excerpt":{"rendered":"<p>Conform\u00e9ment \u00e0 ses statuts, les pouvoirs de direction de l&rsquo;association sont exerc\u00e9s par un comit\u00e9 directeur de six membres : &#8211; Le Pr\u00e9sident : Nicolas Desport (president@aquasub78.fr) &#8211; Le vice-pr\u00e9sident : Laurent Pourteau &#8211; Le Secr\u00e9taire G\u00e9n\u00e9ral : S\u00e9bastien Schmitt (secretaire@aquasub78.fr) &#8211; La Tr\u00e9sori\u00e8re : Marie Chaline (tresoriere@aquasub78.fr) &#8211; Autres Membres : Fabrice Lallau et [&hellip;]<\/p>\n","protected":false},"author":1,"featured_media":0,"parent":0,"menu_order":0,"comment_status":"closed","ping_status":"open","template":"","meta":{"footnotes":""},"_links":{"self":[{"href":"http:\/\/aquasub78.fr\/WordPress3\/index.php?rest_route=\/wp\/v2\/pages\/54"}],"collection":[{"href":"http:\/\/aquasub78.fr\/WordPress3\/index.php?rest_route=\/wp\/v2\/pages"}],"about":[{"href":"http:\/\/aquasub78.fr\/WordPress3\/index.php?rest_route=\/wp\/v2\/types\/page"}],"author":[{"embeddable":true,"href":"http:\/\/aquasub78.fr\/WordPress3\/index.php?rest_route=\/wp\/v2\/users\/1"}],"replies":[{"embeddable":true,"href":"http:\/\/aquasub78.fr\/WordPress3\/index.php?rest_route=%2Fwp%2Fv2%2Fcomments&post=54"}],"version-history":[{"count":27,"href":"http:\/\/aquasub78.fr\/WordPress3\/index.php?rest_route=\/wp\/v2\/pages\/54\/revisions"}],"predecessor-version":[{"id":2373,"href":"http:\/\/aquasub78.fr\/WordPress3\/index.php?rest_route=\/wp\/v2\/pages\/54\/revisions\/2373"}],"wp:attachment":[{"href":"http:\/\/aquasub78.fr\/WordPress3\/index.php?rest_route=%2Fwp%2Fv2%2Fmedia&parent=54"}],"curies":[{"name":"wp","href":"https:\/\/api.w.org\/{rel}","templated":true}]}}